{"id":10,"date":"2014-09-18T13:37:14","date_gmt":"2014-09-18T11:37:14","guid":{"rendered":"http:\/\/www.thomaslorenzen.de\/?page_id=10"},"modified":"2016-01-08T00:33:06","modified_gmt":"2016-01-07T22:33:06","slug":"vita","status":"publish","type":"page","link":"https:\/\/www.thomaslorenzen.de\/?page_id=10","title":{"rendered":"\u00dcber mich"},"content":{"rendered":"<p>Ich liebe Fotos. Ich liebe das Fotografieren. Meine wirklich\u00a0 liebensw\u00fcrdigen Mitmenschen waren allerdings fr\u00fcher weitgehend damit besch\u00e4ftigt alles Fotografierte von mir gut zu finden. Was nett war, nicht stimmte und mich viel zu lange von einer Weiterentwicklung abhielt. Man h\u00f6rt einfach zu gerne Komplimente. Auch wenn ich oft keine Antwort darauf wei\u00df und selbst \u00f6fter welche machen sollte. Aber man wird \u00e4lter und lernt einfach auf die harte Tour sich st\u00e4ndig in Frage zu stellen. Nach neuen Wegen zu suchen. Und zu finden. Vier Jahre lang konnte ich beispielsweise mit der Foto-AG meiner alten Schule austoben, fast alles ausprobieren was m\u00f6glich ist und was der normale Gesch\u00e4ftskunde eben nicht m\u00f6chte. Und meist nat\u00fcrlich auch zu recht. Man kann mich als fotografische Hure buchen und mu\u00df nat\u00fcrlich nicht bef\u00fcrchten aus einem simplen Firmenportr\u00e4t eine Wasserdreckodersonstwasimgesicht-Schlacht machen zu m\u00fcssen. Aber wer will kann das auch haben.<br \/>\nMenschen sind meine Spezialit\u00e4t. Als Reportage bei den \u00fcblichen Ereignissen, Pr\u00e4sentation, als Erinnerung, als Akt, als Kunst, unter Wasser. Was auch immer gew\u00fcnscht wird. Und f\u00fcr alles andere bin ich auch flexibel genug.<\/p>\n<p>&nbsp;<\/p>\n","protected":false},"excerpt":{"rendered":"<p class=\"excerpt\">Ich liebe Fotos. Ich liebe das Fotografieren. Meine wirklich\u00a0 liebensw\u00fcrdigen Mitmenschen waren allerdings fr\u00fcher weitgehend damit besch\u00e4ftigt alles Fotografierte von mir gut zu finden. Was nett war, nicht stimmte und mich viel zu lange von einer Weiterentwicklung abhielt. Man h\u00f6rt einfach zu gerne Komplimente. Auch wenn ich oft keine Antwort darauf wei\u00df und selbst \u00f6fter welche machen sollte. Aber man&hellip;<\/p>\n<p class=\"more-link-p\"><a class=\"btn btn-default\" href=\"https:\/\/www.thomaslorenzen.de\/?page_id=10\">Read more<\/a><\/p>\n","protected":false},"author":1,"featured_media":0,"parent":0,"menu_order":0,"comment_status":"open","ping_status":"open","template":"","meta":[],"_links":{"self":[{"href":"https:\/\/www.thomaslorenzen.de\/index.php?rest_route=\/wp\/v2\/pages\/10"}],"collection":[{"href":"https:\/\/www.thomaslorenzen.de\/index.php?rest_route=\/wp\/v2\/pages"}],"about":[{"href":"https:\/\/www.thomaslorenzen.de\/index.php?rest_route=\/wp\/v2\/types\/page"}],"author":[{"embeddable":true,"href":"https:\/\/www.thomaslorenzen.de\/index.php?rest_route=\/wp\/v2\/users\/1"}],"replies":[{"embeddable":true,"href":"https:\/\/www.thomaslorenzen.de\/index.php?rest_route=%2Fwp%2Fv2%2Fcomments&post=10"}],"version-history":[{"count":20,"href":"https:\/\/www.thomaslorenzen.de\/index.php?rest_route=\/wp\/v2\/pages\/10\/revisions"}],"predecessor-version":[{"id":1000,"href":"https:\/\/www.thomaslorenzen.de\/index.php?rest_route=\/wp\/v2\/pages\/10\/revisions\/1000"}],"wp:attachment":[{"href":"https:\/\/www.thomaslorenzen.de\/index.php?rest_route=%2Fwp%2Fv2%2Fmedia&parent=10"}],"curies":[{"name":"wp","href":"https:\/\/api.w.org\/{rel}","templated":true}]}}