{"id":85,"date":"2014-09-19T22:04:12","date_gmt":"2014-09-19T20:04:12","guid":{"rendered":"http:\/\/www.thomaslorenzen.de\/?page_id=85"},"modified":"2020-12-15T00:01:40","modified_gmt":"2020-12-14T22:01:40","slug":"links","status":"publish","type":"page","link":"https:\/\/www.thomaslorenzen.de\/?page_id=85","title":{"rendered":"Links"},"content":{"rendered":"<p><a href=\"http:\/\/www.hantolo.de\" target=\"_blank\" rel=\"noopener noreferrer\">hantolo.de<\/a><br \/>\nMeine mehr oder minder private Seite, die ich sehr vernachl\u00e4ssige. Aber unter dem Punkt Galerien ist alles neu, sch\u00f6n und voller liebensw\u00fcrdiger Wale.<\/p>\n<p><a href=\"http:\/\/www.nataschapetersen.de\" target=\"_blank\" rel=\"noopener noreferrer\">nataschapetersen.de<\/a><br \/>\nFamilien und Kinder sind bei Natascha in guten H\u00e4nden<\/p>\n<hr \/>\n<p><a href=\"http:\/\/www.musikkonzern.de\" target=\"_blank\" rel=\"noopener noreferrer\">musikkonzern.de<\/a><br \/>\nDer Herr und Tausendsassa Gubatz und sein Label.<\/p>\n<p><a href=\"http:\/\/www.davidnesselhauf.de\" target=\"_blank\" rel=\"noopener noreferrer\">davidnesselhauf.de<\/a><br \/>\nDavid ist ein verdammtes Multitalent.<\/p>\n<hr \/>\n<p><a href=\"http:\/\/www.anne-hansen.info\" target=\"_blank\" rel=\"noopener noreferrer\">anne-hansen.info<\/a><br \/>\nKeine Fotos, sondern Worte. Aber niemand schreibt besser \u00fcber all den Kram, der einem im Leben so widerf\u00e4hrt.<\/p>\n<p><a href=\"http:\/\/www.deichticker.de\" target=\"_blank\" rel=\"noopener noreferrer\">deichticker.de<\/a><br \/>\nThordis h\u00e4lt Nordfriesland auf dem Laufenden<\/p>\n<p><a href=\"http:\/\/www.sommerlieben.de\">sommerlieben.de<\/a><br \/>\nAnne Ha kehrt zur\u00fcck. Nur gut 20 Jahre Pause nach der ersten Sommerliebenpause und der Mutter aller Blogs.<\/p>\n<p><a href=\"http:\/\/www.sturmflut.org\/nordfisk\/\" target=\"_blank\" rel=\"noopener noreferrer\">sturmflut.org\/nordfisk<\/a><br \/>\nTobi und sein kleiner Blog aus Vi\u00f6l.<\/p>\n<p><a href=\"http:\/\/unodosperu.wordpress.com\" target=\"_blank\" rel=\"noopener noreferrer\">unodosperu.wordpress.com<\/a><br \/>\nMalin unterricht Kinder in Peru in Musik und kann auch Hilfe gebrauchen. Das ist ihr Blog.<\/p>\n<p><a href=\"https:\/\/www.viewofpia.com\" target=\"_blank\" rel=\"noopener noreferrer\">viewofpia.com<br \/>\n<\/a>Pia erz\u00e4hlt aus der Modebranche<\/p>\n<hr \/>\n<p><a href=\"http:\/\/der.wunschbecher.de\" target=\"_blank\" rel=\"noopener noreferrer\">wunschbecher.de<\/a><br \/>\nJan St\u00fcmpel und seine Frau mitsamt ihres t\u00f6pferischen K\u00f6nnens und Ladens in Friedrichstadt<\/p>\n<p><a href=\"http:\/\/www.silke-schmuck.de\/\" target=\"_blank\" rel=\"noopener noreferrer\">silke-schmuck.de<\/a><br \/>\nSilke Lazarevic. Schmuckdesignerin.<\/p>\n<p><a href=\"http:\/\/www.christina-kropp.de\" target=\"_blank\" rel=\"noopener noreferrer\">christina-kropp.de<\/a><br \/>\nChristina. Die Beste im Coaching.<\/p>\n","protected":false},"excerpt":{"rendered":"<p class=\"excerpt\">hantolo.de Meine mehr oder minder private Seite, die ich sehr vernachl\u00e4ssige. Aber unter dem Punkt Galerien ist alles neu, sch\u00f6n und voller liebensw\u00fcrdiger Wale. nataschapetersen.de Familien und Kinder sind bei Natascha in guten H\u00e4nden musikkonzern.de Der Herr und Tausendsassa Gubatz und sein Label. davidnesselhauf.de David ist ein verdammtes Multitalent. anne-hansen.info Keine Fotos, sondern Worte. Aber niemand schreibt besser \u00fcber all&hellip;<\/p>\n<p class=\"more-link-p\"><a class=\"btn btn-default\" href=\"https:\/\/www.thomaslorenzen.de\/?page_id=85\">Read more<\/a><\/p>\n","protected":false},"author":1,"featured_media":0,"parent":0,"menu_order":0,"comment_status":"closed","ping_status":"closed","template":"","meta":[],"_links":{"self":[{"href":"https:\/\/www.thomaslorenzen.de\/index.php?rest_route=\/wp\/v2\/pages\/85"}],"collection":[{"href":"https:\/\/www.thomaslorenzen.de\/index.php?rest_route=\/wp\/v2\/pages"}],"about":[{"href":"https:\/\/www.thomaslorenzen.de\/index.php?rest_route=\/wp\/v2\/types\/page"}],"author":[{"embeddable":true,"href":"https:\/\/www.thomaslorenzen.de\/index.php?rest_route=\/wp\/v2\/users\/1"}],"replies":[{"embeddable":true,"href":"https:\/\/www.thomaslorenzen.de\/index.php?rest_route=%2Fwp%2Fv2%2Fcomments&post=85"}],"version-history":[{"count":25,"href":"https:\/\/www.thomaslorenzen.de\/index.php?rest_route=\/wp\/v2\/pages\/85\/revisions"}],"predecessor-version":[{"id":1152,"href":"https:\/\/www.thomaslorenzen.de\/index.php?rest_route=\/wp\/v2\/pages\/85\/revisions\/1152"}],"wp:attachment":[{"href":"https:\/\/www.thomaslorenzen.de\/index.php?rest_route=%2Fwp%2Fv2%2Fmedia&parent=85"}],"curies":[{"name":"wp","href":"https:\/\/api.w.org\/{rel}","templated":true}]}}